{"id":4429,"date":"2021-04-16T19:26:15","date_gmt":"2021-04-16T19:26:15","guid":{"rendered":"http:\/\/andreas-mass.com\/?page_id=4429"},"modified":"2021-04-16T19:39:17","modified_gmt":"2021-04-16T19:39:17","slug":"imprint","status":"publish","type":"page","link":"https:\/\/andreas-mass.com\/en\/imprint\/","title":{"rendered":"Imprint"},"content":{"rendered":"<div  class=\"tatsu-gath6xflr34w2udc tatsu-section  tatsu-parallax   tatsu-clearfix\" data-title=\"\"  data-headerscheme=\"background--light\"><div class='tatsu-section-pad clearfix' data-padding='{\"d\":\"50px 0% 80px 0%\"}' data-padding-top='50px'><div class=\"tatsu-row-wrap  tatsu-wrap tatsu-row-one-col tatsu-row-has-one-cols tatsu-zero-margin tatsu-medium-gutter tatsu-reg-cols  tatsu-clearfix tatsu-gath6xg57v4pz3yv\" ><div  class=\"tatsu-row \" ><div  class=\"tatsu-column  tatsu-one-col tatsu-column-image-none tatsu-column-effect-none  tatsu-NyiShB8fW\"  data-parallax-speed=\"0\" style=\"\"><div class=\"tatsu-column-inner \" ><div class=\"tatsu-column-pad-wrap\"><div class=\"tatsu-column-pad\" ><div  class=\"tatsu-module tatsu-text-block-wrap tatsu-gpm55h1i65b8wl9  \"><div class=\"tatsu-text-inner   clearfix\" ><style>.tatsu-gpm55h1i65b8wl9.tatsu-text-block-wrap .tatsu-text-inner{text-align: left;padding: 0px 0px 0px 7px;}.tatsu-gpm55h1i65b8wl9.tatsu-text-block-wrap{margin: 20px 0px 30px 0px;}<\/style>\n<h3>Imprint<\/h3>\n<\/div><\/div><div  class=\"tatsu-module tatsu-text-block-wrap tatsu-SyPW88P8d  \"><div class=\"tatsu-text-inner tatsu-align-center  clearfix\" ><style>.tatsu-SyPW88P8d.tatsu-text-block-wrap .tatsu-text-inner{width: 100%;text-align: left;padding: 0px 10% 0px 7px;}<\/style>\n<p><strong>Angaben gem\u00e4\u00df \u00a7 5 TMG<\/strong><\/p>\n<p><strong>Kontakt<\/strong><br \/>\nAndreas Mass<br \/>\n3D-Visualisierung<br \/>\nSiegburger Str. 304<br \/>\n51105 K\u00f6ln<\/p>\n<p>Telefon: +491777157836<br \/>\nE-Mail: hello@andreas-mass.com<\/p>\n<p><strong>Umsatzsteuer-ID<br \/>\n<\/strong>Umsatzsteuer-Identifikationsnummer gem\u00e4\u00df \u00a7 27 a Umsatzsteuergesetz:<br \/>\nDE306313147<\/p>\n<p><strong>EU-Streitschlichtung<br \/>\n<\/strong>Die Europ\u00e4ische Kommission stellt eine Plattform zur Online-Streitbeilegung (OS) bereit: <a href=\"https:\/\/ec.europa.eu\/consumers\/odr\/\" target=\"_blank\" rel=\"noopener noreferrer\">https:\/\/ec.europa.eu\/consumers\/odr\/<\/a><br \/>\nUnsere E-Mail-Adresse finden Sie oben im Impressum.<\/p>\n<p><strong>Verbraucher\u00adstreit\u00adbeilegung\/Universal\u00adschlichtungs\u00adstelle<\/strong><br \/>\nWir sind nicht bereit oder verpflichtet, an Streitbeilegungsverfahren vor einer Verbraucherschlichtungsstelle teilzunehmen.<\/p>\n<p><strong>Haftung f\u00fcr Inhalte<br \/>\n<\/strong>Als Diensteanbieter sind wir gem\u00e4\u00df \u00a7 7 Abs.1 TMG f\u00fcr eigene Inhalte auf diesen Seiten nach den allgemeinen Gesetzen verantwortlich. Nach \u00a7\u00a7 8 bis 10 TMG sind wir als Diensteanbieter jedoch nicht verpflichtet, \u00fcbermittelte oder gespeicherte fremde Informationen zu \u00fcberwachen oder nach Umst\u00e4nden zu forschen, die auf eine rechtswidrige T\u00e4tigkeit hinweisen.<\/p>\n<p>Verpflichtungen zur Entfernung oder Sperrung der Nutzung von Informationen nach den allgemeinen Gesetzen bleiben hiervon unber\u00fchrt. Eine diesbez\u00fcgliche Haftung ist jedoch erst ab dem Zeitpunkt der Kenntnis einer konkreten Rechtsverletzung m\u00f6glich. Bei Bekanntwerden von entsprechenden Rechtsverletzungen werden wir diese Inhalte umgehend entfernen.<\/p>\n<p><strong>Haftung f\u00fcr Links<br \/>\n<\/strong>Unser Angebot enth\u00e4lt Links zu externen Websites Dritter, auf deren Inhalte wir keinen Einfluss haben. Deshalb k\u00f6nnen wir f\u00fcr diese fremden Inhalte auch keine Gew\u00e4hr \u00fcbernehmen. F\u00fcr die Inhalte der verlinkten Seiten ist stets der jeweilige Anbieter oder Betreiber der Seiten verantwortlich. Die verlinkten Seiten wurden zum Zeitpunkt der Verlinkung auf m\u00f6gliche Rechtsverst\u00f6\u00dfe \u00fcberpr\u00fcft. Rechtswidrige Inhalte waren zum Zeitpunkt der Verlinkung nicht erkennbar.<\/p>\n<p>Eine permanente inhaltliche Kontrolle der verlinkten Seiten ist jedoch ohne konkrete Anhaltspunkte einer Rechtsverletzung nicht zumutbar. Bei Bekanntwerden von Rechtsverletzungen werden wir derartige Links umgehend entfernen.<\/p>\n<p><strong><!--more--><!--more-->Urheberrecht<br \/>\n<\/strong>Die durch die Seitenbetreiber erstellten Inhalte und Werke auf diesen Seiten unterliegen dem deutschen Urheberrecht. Die Vervielf\u00e4ltigung, Bearbeitung, Verbreitung und jede Art der Verwertung au\u00dferhalb der Grenzen des Urheberrechtes bed\u00fcrfen der schriftlichen Zustimmung des jeweiligen Autors bzw. Erstellers. Downloads und Kopien dieser Seite sind nur f\u00fcr den privaten, nicht kommerziellen Gebrauch gestattet.<\/p>\n<p>Soweit die Inhalte auf dieser Seite nicht vom Betreiber erstellt wurden, werden die Urheberrechte Dritter beachtet. Insbesondere werden Inhalte Dritter als solche gekennzeichnet. Sollten Sie trotzdem auf eine Urheberrechtsverletzung aufmerksam werden, bitten wir um einen entsprechenden Hinweis. Bei Bekanntwerden von Rechtsverletzungen werden wir derartige Inhalte umgehend entfernen.<\/p>\n<\/div><\/div><\/div><\/div><div class = \"tatsu-column-bg-image-wrap\"><div class = \"tatsu-column-bg-image\" ><\/div><\/div><\/div><style>.tatsu-row > .tatsu-NyiShB8fW.tatsu-column{width: 100%;}.tatsu-NyiShB8fW.tatsu-column > .tatsu-column-inner{background-color: rgba(240,240,240,1);}.tatsu-NyiShB8fW.tatsu-column > .tatsu-column-inner > .tatsu-column-pad-wrap > .tatsu-column-pad{padding: 30px 30px 30px 30px;}.tatsu-NyiShB8fW.tatsu-column{margin: 0px 0px 0px 0px !important;}.tatsu-NyiShB8fW.tatsu-column > .tatsu-column-inner > .tatsu-column-overlay{mix-blend-mode: none;}.tatsu-NyiShB8fW > .tatsu-column-inner > .tatsu-top-divider{z-index: 9999;}.tatsu-NyiShB8fW > .tatsu-column-inner > .tatsu-bottom-divider{z-index: 9999;}.tatsu-NyiShB8fW > .tatsu-column-inner > .tatsu-left-divider{z-index: 9999;}.tatsu-NyiShB8fW > .tatsu-column-inner > .tatsu-right-divider{z-index: 9999;}@media only screen and (max-width:1377px) {.tatsu-row > .tatsu-NyiShB8fW.tatsu-column{width: 100%;}}@media only screen and (min-width:768px) and (max-width: 1024px) {.tatsu-row > .tatsu-NyiShB8fW.tatsu-column{width: 100%;}}@media only screen and (max-width: 767px) {.tatsu-row > .tatsu-NyiShB8fW.tatsu-column{width: 100%;}}<\/style><\/div><\/div><\/div><\/div><div class=\"tatsu-section-background-wrap\"><div class = \"tatsu-section-background\" ><\/div><\/div><style>.tatsu-gath6xflr34w2udc.tatsu-section{background-color: rgba(255,255,255,1);}.tatsu-gath6xflr34w2udc{border-width: 0px 0px px 0px;border-style: solid;}.tatsu-gath6xflr34w2udc .tatsu-section-pad{padding: 50px 0% 80px 0%;}.tatsu-gath6xflr34w2udc > .tatsu-bottom-divider{z-index: 9999;}.tatsu-gath6xflr34w2udc > .tatsu-top-divider{z-index: 9999;}<\/style><\/div>\n","protected":false},"excerpt":{"rendered":"<p>Angaben gem\u00e4\u00df \u00a7 5 TMG Kontakt Andreas Mass 3D-Visualisierung Siegburger Str. 304 51105 K\u00f6ln Telefon: +491777157836 E-Mail: hello@andreas-mass.com Umsatzsteuer-ID Umsatzsteuer-Identifikationsnummer gem\u00e4\u00df \u00a7 27 a Umsatzsteuergesetz: DE306313147 EU-Streitschlichtung Die Europ\u00e4ische Kommission [&hellip;]<\/p>\n<p><a href=\"https:\/\/andreas-mass.com\/en\/imprint\/\" class=\"more-link style2-button\">Read More<\/a><\/p>","protected":false},"author":1,"featured_media":0,"parent":0,"menu_order":0,"comment_status":"open","ping_status":"open","template":"","meta":{"footnotes":""},"class_list":["post-4429","page","type-page","status-publish","hentry"],"yoast_head":"<!-- This site is optimized with the Yoast SEO plugin v26.9 - https:\/\/yoast.com\/product\/yoast-seo-wordpress\/ -->\n<title>Imprint - Andreas Mass<\/title>\n<meta name=\"robots\" content=\"index, follow, max-snippet:-1, max-image-preview:large, max-video-preview:-1\" \/>\n<link rel=\"canonical\" href=\"https:\/\/andreas-mass.com\/imprint\/\" \/>\n<meta property=\"og:locale\" content=\"en_US\" \/>\n<meta property=\"og:type\" content=\"article\" \/>\n<meta property=\"og:title\" content=\"Imprint - Andreas Mass\" \/>\n<meta property=\"og:description\" content=\"Angaben gem\u00e4\u00df \u00a7 5 TMG Kontakt Andreas Mass 3D-Visualisierung Siegburger Str. 304 51105 K\u00f6ln Telefon: +491777157836 E-Mail: hello@andreas-mass.com Umsatzsteuer-ID Umsatzsteuer-Identifikationsnummer gem\u00e4\u00df \u00a7 27 a Umsatzsteuergesetz: DE306313147 EU-Streitschlichtung Die Europ\u00e4ische Kommission [&hellip;]\" \/>\n<meta property=\"og:url\" content=\"https:\/\/andreas-mass.com\/imprint\/\" \/>\n<meta property=\"og:site_name\" content=\"Andreas Mass\" \/>\n<meta property=\"article:modified_time\" content=\"2021-04-16T19:39:17+00:00\" \/>\n<meta name=\"twitter:card\" content=\"summary_large_image\" \/>\n<meta name=\"twitter:label1\" content=\"Est. reading time\" \/>\n\t<meta name=\"twitter:data1\" content=\"5 minutes\" \/>\n<script type=\"application\/ld+json\" class=\"yoast-schema-graph\">{\"@context\":\"https:\/\/schema.org\",\"@graph\":[{\"@type\":\"WebPage\",\"@id\":\"https:\/\/andreas-mass.com\/imprint\/\",\"url\":\"https:\/\/andreas-mass.com\/imprint\/\",\"name\":\"Imprint - Andreas Mass\",\"isPartOf\":{\"@id\":\"https:\/\/andreas-mass.com\/#website\"},\"datePublished\":\"2021-04-16T19:26:15+00:00\",\"dateModified\":\"2021-04-16T19:39:17+00:00\",\"breadcrumb\":{\"@id\":\"https:\/\/andreas-mass.com\/imprint\/#breadcrumb\"},\"inLanguage\":\"en-US\",\"potentialAction\":[{\"@type\":\"ReadAction\",\"target\":[\"https:\/\/andreas-mass.com\/imprint\/\"]}]},{\"@type\":\"BreadcrumbList\",\"@id\":\"https:\/\/andreas-mass.com\/imprint\/#breadcrumb\",\"itemListElement\":[{\"@type\":\"ListItem\",\"position\":1,\"name\":\"Start\",\"item\":\"https:\/\/andreas-mass.com\/en\/\"},{\"@type\":\"ListItem\",\"position\":2,\"name\":\"Imprint\"}]},{\"@type\":\"WebSite\",\"@id\":\"https:\/\/andreas-mass.com\/#website\",\"url\":\"https:\/\/andreas-mass.com\/\",\"name\":\"Andreas Mass\",\"description\":\"3D Visualization, -Illustration, -Animation and more\",\"publisher\":{\"@id\":\"https:\/\/andreas-mass.com\/#organization\"},\"potentialAction\":[{\"@type\":\"SearchAction\",\"target\":{\"@type\":\"EntryPoint\",\"urlTemplate\":\"https:\/\/andreas-mass.com\/?s={search_term_string}\"},\"query-input\":{\"@type\":\"PropertyValueSpecification\",\"valueRequired\":true,\"valueName\":\"search_term_string\"}}],\"inLanguage\":\"en-US\"},{\"@type\":\"Organization\",\"@id\":\"https:\/\/andreas-mass.com\/#organization\",\"name\":\"Andreas Mass\",\"url\":\"https:\/\/andreas-mass.com\/\",\"logo\":{\"@type\":\"ImageObject\",\"inLanguage\":\"en-US\",\"@id\":\"https:\/\/andreas-mass.com\/#\/schema\/logo\/image\/\",\"url\":\"https:\/\/andreas-mass.com\/wp-content\/uploads\/2021\/02\/am_logo_gold_3_512px.png\",\"contentUrl\":\"https:\/\/andreas-mass.com\/wp-content\/uploads\/2021\/02\/am_logo_gold_3_512px.png\",\"width\":512,\"height\":512,\"caption\":\"Andreas Mass\"},\"image\":{\"@id\":\"https:\/\/andreas-mass.com\/#\/schema\/logo\/image\/\"},\"sameAs\":[\"https:\/\/www.instagram.com\/andreas_mass_design\/\"]}]}<\/script>\n<!-- \/ Yoast SEO plugin. -->","yoast_head_json":{"title":"Imprint - Andreas Mass","robots":{"index":"index","follow":"follow","max-snippet":"max-snippet:-1","max-image-preview":"max-image-preview:large","max-video-preview":"max-video-preview:-1"},"canonical":"https:\/\/andreas-mass.com\/imprint\/","og_locale":"en_US","og_type":"article","og_title":"Imprint - Andreas Mass","og_description":"Angaben gem\u00e4\u00df \u00a7 5 TMG Kontakt Andreas Mass 3D-Visualisierung Siegburger Str. 304 51105 K\u00f6ln Telefon: +491777157836 E-Mail: hello@andreas-mass.com Umsatzsteuer-ID Umsatzsteuer-Identifikationsnummer gem\u00e4\u00df \u00a7 27 a Umsatzsteuergesetz: DE306313147 EU-Streitschlichtung Die Europ\u00e4ische Kommission [&hellip;]","og_url":"https:\/\/andreas-mass.com\/imprint\/","og_site_name":"Andreas Mass","article_modified_time":"2021-04-16T19:39:17+00:00","twitter_card":"summary_large_image","twitter_misc":{"Est. reading time":"5 minutes"},"schema":{"@context":"https:\/\/schema.org","@graph":[{"@type":"WebPage","@id":"https:\/\/andreas-mass.com\/imprint\/","url":"https:\/\/andreas-mass.com\/imprint\/","name":"Imprint - Andreas Mass","isPartOf":{"@id":"https:\/\/andreas-mass.com\/#website"},"datePublished":"2021-04-16T19:26:15+00:00","dateModified":"2021-04-16T19:39:17+00:00","breadcrumb":{"@id":"https:\/\/andreas-mass.com\/imprint\/#breadcrumb"},"inLanguage":"en-US","potentialAction":[{"@type":"ReadAction","target":["https:\/\/andreas-mass.com\/imprint\/"]}]},{"@type":"BreadcrumbList","@id":"https:\/\/andreas-mass.com\/imprint\/#breadcrumb","itemListElement":[{"@type":"ListItem","position":1,"name":"Start","item":"https:\/\/andreas-mass.com\/en\/"},{"@type":"ListItem","position":2,"name":"Imprint"}]},{"@type":"WebSite","@id":"https:\/\/andreas-mass.com\/#website","url":"https:\/\/andreas-mass.com\/","name":"Andreas Mass","description":"3D Visualization, -Illustration, -Animation and more","publisher":{"@id":"https:\/\/andreas-mass.com\/#organization"},"potentialAction":[{"@type":"SearchAction","target":{"@type":"EntryPoint","urlTemplate":"https:\/\/andreas-mass.com\/?s={search_term_string}"},"query-input":{"@type":"PropertyValueSpecification","valueRequired":true,"valueName":"search_term_string"}}],"inLanguage":"en-US"},{"@type":"Organization","@id":"https:\/\/andreas-mass.com\/#organization","name":"Andreas Mass","url":"https:\/\/andreas-mass.com\/","logo":{"@type":"ImageObject","inLanguage":"en-US","@id":"https:\/\/andreas-mass.com\/#\/schema\/logo\/image\/","url":"https:\/\/andreas-mass.com\/wp-content\/uploads\/2021\/02\/am_logo_gold_3_512px.png","contentUrl":"https:\/\/andreas-mass.com\/wp-content\/uploads\/2021\/02\/am_logo_gold_3_512px.png","width":512,"height":512,"caption":"Andreas Mass"},"image":{"@id":"https:\/\/andreas-mass.com\/#\/schema\/logo\/image\/"},"sameAs":["https:\/\/www.instagram.com\/andreas_mass_design\/"]}]}},"_links":{"self":[{"href":"https:\/\/andreas-mass.com\/en\/wp-json\/wp\/v2\/pages\/4429","targetHints":{"allow":["GET"]}}],"collection":[{"href":"https:\/\/andreas-mass.com\/en\/wp-json\/wp\/v2\/pages"}],"about":[{"href":"https:\/\/andreas-mass.com\/en\/wp-json\/wp\/v2\/types\/page"}],"author":[{"embeddable":true,"href":"https:\/\/andreas-mass.com\/en\/wp-json\/wp\/v2\/users\/1"}],"replies":[{"embeddable":true,"href":"https:\/\/andreas-mass.com\/en\/wp-json\/wp\/v2\/comments?post=4429"}],"version-history":[{"count":0,"href":"https:\/\/andreas-mass.com\/en\/wp-json\/wp\/v2\/pages\/4429\/revisions"}],"wp:attachment":[{"href":"https:\/\/andreas-mass.com\/en\/wp-json\/wp\/v2\/media?parent=4429"}],"curies":[{"name":"wp","href":"https:\/\/api.w.org\/{rel}","templated":true}]}}